{"id":1830,"date":"2020-02-28T11:22:59","date_gmt":"2020-02-28T15:22:59","guid":{"rendered":"http:\/\/atahualpahabaspamba.gob.ec\/pichincha\/?page_id=1830"},"modified":"2025-08-15T06:47:06","modified_gmt":"2025-08-15T11:47:06","slug":"bienvenidos-a-la-parroquia-de-atahualpa-habaspamba","status":"publish","type":"page","link":"https:\/\/gadlascano.gob.ec\/","title":{"rendered":"GAD Parroquial | Alejo Lascano"},"content":{"rendered":"[vc_row bg_type=&#8221;bg_color&#8221; bg_color_value=&#8221;#f7f7f7&#8243; css=&#8221;.vc_custom_1581547090144{padding-top: 0px !important;padding-bottom: 0px !important;}&#8221;][vc_column css=&#8221;.vc_custom_1529671385255{background-position: center !important;background-repeat: no-repeat !important;background-size: cover !important;}&#8221;][vc_row_inner][vc_column_inner]<div id=\"ultimate-heading-588469e21eedebea3\" class=\"uvc-heading ult-adjust-bottom-margin ultimate-heading-588469e21eedebea3 uvc-2816 accent-border-color\" data-hspacer=\"line_only\"  data-halign=\"center\" style=\"text-align:center\"><div class=\"uvc-main-heading ult-responsive\"  data-ultimate-target='.uvc-heading.ultimate-heading-588469e21eedebea3 h2'  data-responsive-json-new='{\"font-size\":\"desktop:26px;\",\"line-height\":\"desktop:36px;\"}' ><h2 style=\"font-weight:normal;margin-bottom:15px;\">EN L\u00cdNEA<\/h2><\/div><div class=\"uvc-heading-spacer line_only\" style=\"margin-bottom:60px;height:3px;\"><span class=\"uvc-headings-line\" style=\"border-style:solid;border-bottom-width:3px;border-color:#0d1266;width:100px;\"><\/span><\/div><\/div>[\/vc_column_inner][\/vc_row_inner][vc_row_inner][vc_column_inner width=&#8221;1\/3&#8243;][vc_icon icon_fontawesome=&#8221;fa fa-folder-open&#8221; color=&#8221;green&#8221; size=&#8221;xl&#8221; align=&#8221;center&#8221;]<div id=\"ultimate-heading-525369e21eedebec6\" class=\"uvc-heading ult-adjust-bottom-margin ultimate-heading-525369e21eedebec6 uvc-4190 \" data-hspacer=\"no_spacer\"  data-halign=\"center\" style=\"text-align:center\"><div class=\"uvc-heading-spacer no_spacer\" style=\"top\"><\/div><div class=\"uvc-main-heading ult-responsive\"  data-ultimate-target='.uvc-heading.ultimate-heading-525369e21eedebec6 h2'  data-responsive-json-new='{\"font-size\":\"desktop:26px;\",\"line-height\":\"desktop:36px;\"}' ><h2 style=\"font-weight:normal;margin-bottom:5px;\">Rendici\u00f3n de Cuentas<\/h2><\/div><div class=\"uvc-sub-heading ult-responsive\"  data-ultimate-target='.uvc-heading.ultimate-heading-525369e21eedebec6 .uvc-sub-heading '  data-responsive-json-new='{\"font-size\":\"\",\"line-height\":\"desktop:28px;\"}'  style=\"font-weight:normal;margin-bottom:20px;\">Informe anual sobre los trabajos y gesti\u00f3n realizada durante las administraciones de turno<\/div><\/div><div class=\" ubtn-ctn-center \"><a class=\"ubtn-link ult-adjust-bottom-margin ubtn-center ubtn-normal \" href=\"https:\/\/gadlascano.gob.ec\/?page_id=4922\" title=\"Rendici\u00f3n de Cuentas 2023\" ><button type=\"button\" id=\"ubtn-6705\"  class=\"ubtn ult-adjust-bottom-margin ult-responsive ubtn-normal ubtn-fade-bg  ulta-float  ubtn-center   tooltip-69e21eedebee2\"  data-hover=\"\" data-border-color=\"\" data-bg=\"#e0e0e0\" data-hover-bg=\"\" data-border-hover=\"\" data-shadow-hover=\"\" data-shadow-click=\"none\" data-shadow=\"\" data-shd-shadow=\"\"  data-ultimate-target='#ubtn-6705'  data-responsive-json-new='{\"font-size\":\"\",\"line-height\":\"\"}'  style=\"font-weight:normal;border:none;background: #e0e0e0;color: #000000;\"><span class=\"ubtn-hover\" style=\"background-color:\"><\/span><span class=\"ubtn-data ubtn-text \" >Ver Rendici\u00f3n de Cuentas<\/span><\/button><\/a><\/div>[\/vc_column_inner][vc_column_inner width=&#8221;1\/3&#8243;][vc_icon icon_fontawesome=&#8221;fa fa-file-pdf-o&#8221; color=&#8221;green&#8221; size=&#8221;xl&#8221; align=&#8221;center&#8221;]<div id=\"ultimate-heading-990269e21eedebf3a\" class=\"uvc-heading ult-adjust-bottom-margin ultimate-heading-990269e21eedebf3a uvc-5377 \" data-hspacer=\"no_spacer\"  data-halign=\"center\" style=\"text-align:center\"><div class=\"uvc-heading-spacer no_spacer\" style=\"top\"><\/div><div class=\"uvc-main-heading ult-responsive\"  data-ultimate-target='.uvc-heading.ultimate-heading-990269e21eedebf3a h2'  data-responsive-json-new='{\"font-size\":\"desktop:26px;\",\"line-height\":\"desktop:36px;\"}' ><h2 style=\"font-weight:normal;margin-bottom:5px;\">PDOT<\/h2><\/div><div class=\"uvc-sub-heading ult-responsive\"  data-ultimate-target='.uvc-heading.ultimate-heading-990269e21eedebf3a .uvc-sub-heading '  data-responsive-json-new='{\"font-size\":\"\",\"line-height\":\"desktop:28px;\"}'  style=\"font-weight:normal;margin-bottom:20px;\">Revisa y descarga el documento del Plan de Ordenamiento Territorial<\/div><\/div><div class=\" ubtn-ctn-center \"><a class=\"ubtn-link ult-adjust-bottom-margin ubtn-center ubtn-normal \" href=\"https:\/\/gadlascano.gob.ec\/wp-content\/uploads\/2025\/08\/ACTUALIZACION-DEL-PLAN-DE-DESARROLLO-DE-ORDENAMIENTO-TERRITORIAL-LASCANO-2023-2024-marzo.pdf\" title=\"Plan de Desarrollo y Ordenamiento Territorial\" target=\"_blank\" rel=\"noopener\" ><button type=\"button\" id=\"ubtn-4305\"  class=\"ubtn ult-adjust-bottom-margin ult-responsive ubtn-normal ubtn-fade-bg  ulta-float  ubtn-center   tooltip-69e21eedebf52\"  data-hover=\"\" data-border-color=\"\" data-bg=\"#e0e0e0\" data-hover-bg=\"\" data-border-hover=\"\" data-shadow-hover=\"\" data-shadow-click=\"none\" data-shadow=\"\" data-shd-shadow=\"\"  data-ultimate-target='#ubtn-4305'  data-responsive-json-new='{\"font-size\":\"\",\"line-height\":\"\"}'  style=\"font-weight:normal;border:none;background: #e0e0e0;color: #000000;\"><span class=\"ubtn-hover\" style=\"background-color:\"><\/span><span class=\"ubtn-data ubtn-text \" >Ver PDOT<\/span><\/button><\/a><\/div>[\/vc_column_inner][vc_column_inner width=&#8221;1\/3&#8243;][vc_icon icon_fontawesome=&#8221;fa fa-camera-retro&#8221; color=&#8221;green&#8221; size=&#8221;xl&#8221; align=&#8221;center&#8221;]<div id=\"ultimate-heading-427069e21eedebf72\" class=\"uvc-heading ult-adjust-bottom-margin ultimate-heading-427069e21eedebf72 uvc-2354 \" data-hspacer=\"no_spacer\"  data-halign=\"center\" style=\"text-align:center\"><div class=\"uvc-heading-spacer no_spacer\" style=\"top\"><\/div><div class=\"uvc-main-heading ult-responsive\"  data-ultimate-target='.uvc-heading.ultimate-heading-427069e21eedebf72 h2'  data-responsive-json-new='{\"font-size\":\"desktop:26px;\",\"line-height\":\"desktop:36px;\"}' ><h2 style=\"font-weight:normal;margin-bottom:5px;\">Turismo<\/h2><\/div><div class=\"uvc-sub-heading ult-responsive\"  data-ultimate-target='.uvc-heading.ultimate-heading-427069e21eedebf72 .uvc-sub-heading '  data-responsive-json-new='{\"font-size\":\"\",\"line-height\":\"desktop:28px;\"}'  style=\"font-weight:normal;margin-bottom:20px;\">Informaci\u00f3n sobre los atractivos tur\u00edsticos de la parroquia de Nuevo Quito<\/div><\/div><div class=\" ubtn-ctn-center \"><a class=\"ubtn-link ult-adjust-bottom-margin ubtn-center ubtn-normal \" href=\"https:\/\/gadlascano.gob.ec\/?page_id=2745\" title=\"Sitios Tur\u00edsticos\" ><button type=\"button\" id=\"ubtn-7511\"  class=\"ubtn ult-adjust-bottom-margin ult-responsive ubtn-normal ubtn-fade-bg  ulta-float  ubtn-center   tooltip-69e21eedebf88\"  data-hover=\"\" data-border-color=\"\" data-bg=\"#e0e0e0\" data-hover-bg=\"\" data-border-hover=\"\" data-shadow-hover=\"\" data-shadow-click=\"none\" data-shadow=\"\" data-shd-shadow=\"\"  data-ultimate-target='#ubtn-7511'  data-responsive-json-new='{\"font-size\":\"\",\"line-height\":\"\"}'  style=\"font-weight:normal;border:none;background: #e0e0e0;color: #000000;\"><span class=\"ubtn-hover\" style=\"background-color:\"><\/span><span class=\"ubtn-data ubtn-text \" >Ir a Turismo<\/span><\/button><\/a><\/div>[\/vc_column_inner][\/vc_row_inner][vc_column_inner][\/vc_column_inner][\/vc_column][\/vc_row][vc_row full_width=&#8221;stretch_row_content_no_spaces&#8221; bg_type=&#8221;image&#8221; parallax_style=&#8221;vcpb-vz-jquery&#8221; bg_image_new=&#8221;id^4994|url^https:\/\/gadlascano.gob.ec\/wp-content\/uploads\/2025\/08\/image15.png|caption^null|alt^null|title^image15|description^null&#8221; bg_image_repeat=&#8221;no-repeat&#8221; enable_overlay=&#8221;enable_overlay_value&#8221; overlay_color=&#8221;rgba(0,0,0,0.29)&#8221; css=&#8221;.vc_custom_1755181894355{padding-top: 80px !important;padding-bottom: 80px !important;}&#8221;][vc_column]<div id=\"ultimate-heading-947369e21eedebfa9\" class=\"uvc-heading ult-adjust-bottom-margin ultimate-heading-947369e21eedebfa9 uvc-3342 accent-border-color\" data-hspacer=\"line_only\"  data-halign=\"center\" style=\"text-align:center\"><div class=\"uvc-main-heading ult-responsive\"  data-ultimate-target='.uvc-heading.ultimate-heading-947369e21eedebfa9 h2'  data-responsive-json-new='{\"font-size\":\"desktop:40px;\",\"line-height\":\"desktop:50px;\"}' ><h2 style=\"font-weight:normal;color:#ffffff;margin-bottom:15px;\">Turismo en Alejo Lascano<\/h2><\/div><div class=\"uvc-heading-spacer line_only\" style=\"margin-bottom:60px;height:4px;\"><span class=\"uvc-headings-line\" style=\"border-style:solid;border-bottom-width:4px;border-color:#5e2c35;width:100px;\"><\/span><\/div><\/div><div class=\" ubtn-ctn-center \"><a class=\"ubtn-link ult-adjust-bottom-margin ubtn-center ubtn-normal \" href=\"https:\/\/gadlascano.gob.ec\/?p=142\" title=\"Sitios Tur\u00edsticos\" ><button type=\"button\" id=\"ubtn-3760\"  class=\"ubtn ult-adjust-bottom-margin ult-responsive ubtn-normal ubtn-fade-bg  ulta-pulse-grow  ubtn-center   tooltip-69e21eedebfbe\"  data-hover=\"\" data-border-color=\"#dd9933\" data-bg=\"#e0e0e0\" data-hover-bg=\"\" data-border-hover=\"\" data-shadow-hover=\"\" data-shadow-click=\"none\" data-shadow=\"\" data-shd-shadow=\"\"  data-ultimate-target='#ubtn-3760'  data-responsive-json-new='{\"font-size\":\"\",\"line-height\":\"\"}'  style=\"font-weight:normal;border-radius:3px;border-width:1px;border-color:#dd9933;border-style:solid;background: #e0e0e0;color: #000000;\"><span class=\"ubtn-hover\" style=\"background-color:\"><\/span><span class=\"ubtn-data ubtn-text \" >Ir a Turismo<\/span><\/button><\/a><\/div>[\/vc_column][\/vc_row][vc_row][vc_column][vc_row_inner][vc_column_inner]<div id=\"ultimate-heading-741469e21eedebfde\" class=\"uvc-heading ult-adjust-bottom-margin ultimate-heading-741469e21eedebfde uvc-2195 accent-border-color\" data-hspacer=\"line_only\"  data-halign=\"center\" style=\"text-align:center\"><div class=\"uvc-main-heading ult-responsive\"  data-ultimate-target='.uvc-heading.ultimate-heading-741469e21eedebfde h2'  data-responsive-json-new='{\"font-size\":\"desktop:26px;\",\"line-height\":\"desktop:36px;\"}' ><h2 style=\"font-weight:normal;margin-bottom:15px;\">Galer\u00eda Fotogr\u00e1fica<\/h2><\/div><div class=\"uvc-heading-spacer line_only\" style=\"margin-bottom:60px;height:3px;\"><span class=\"uvc-headings-line\" style=\"border-style:solid;border-bottom-width:3px;border-color:#0d1266;width:180px;\"><\/span><\/div><\/div>[\/vc_column_inner][\/vc_row_inner][vc_row_inner][vc_column_inner width=&#8221;1\/3&#8243;][vc_gallery type=&#8221;image_grid&#8221; images=&#8221;4998,4999,5000,5001,5002,5003,5004,5005,5006,5007,5008,5009,5010,5011,5012,5013,5014,5015,5016,5017,5018,5019,5020,5021&#8243; img_size=&#8221;80&#215;80&#8243; title=&#8221;Fauna&#8221;][\/vc_column_inner][vc_column_inner width=&#8221;1\/3&#8243;][vc_gallery type=&#8221;image_grid&#8221; images=&#8221;5022,5023,5024,5025,5026,5027,5028,5029&#8243; img_size=&#8221;80&#215;80&#8243; title=&#8221;Turismo&#8221;][\/vc_column_inner][vc_column_inner width=&#8221;1\/3&#8243;][vc_gallery type=&#8221;image_grid&#8221; images=&#8221;5030,5031,5032,5033,5034,5035,5036,5037,5038,5039,5040,5041&#8243; img_size=&#8221;80&#215;80&#8243; title=&#8221;Obras&#8221;][\/vc_column_inner][\/vc_row_inner]<div id=\"ultimate-heading-263569e21eedebff1\" class=\"uvc-heading ult-adjust-bottom-margin ultimate-heading-263569e21eedebff1 uvc-3692 accent-border-color\" data-hspacer=\"line_only\"  data-halign=\"center\" style=\"text-align:center\"><div class=\"uvc-main-heading ult-responsive\"  data-ultimate-target='.uvc-heading.ultimate-heading-263569e21eedebff1 h2'  data-responsive-json-new='{\"font-size\":\"desktop:26px;\",\"line-height\":\"desktop:36px;\"}' ><h2 style=\"font-weight:normal;margin-bottom:15px;\">Mensaje de Presidencia<\/h2><\/div><div class=\"uvc-heading-spacer line_only\" style=\"margin-bottom:60px;height:3px;\"><span class=\"uvc-headings-line\" style=\"border-style:solid;border-bottom-width:3px;border-color:#0d1266;width:300px;\"><\/span><\/div><\/div>[vc_row_inner][vc_column_inner width=&#8221;1\/2&#8243;][vc_single_image image=&#8221;4997&#8243; img_size=&#8221;300&#215;400&#8243; alignment=&#8221;center&#8221; css_animation=&#8221;fadeInLeft&#8221;]<div id=\"ultimate-heading-660369e21eedec002\" class=\"uvc-heading ult-adjust-bottom-margin ultimate-heading-660369e21eedec002 uvc-6942 \" data-hspacer=\"no_spacer\"  data-halign=\"center\" style=\"text-align:center\"><div class=\"uvc-heading-spacer no_spacer\" style=\"top\"><\/div><div class=\"uvc-main-heading ult-responsive\"  data-ultimate-target='.uvc-heading.ultimate-heading-660369e21eedec002 h2'  data-responsive-json-new='{\"font-size\":\"desktop:26px;\",\"line-height\":\"desktop:36px;\"}' ><h2 style=\"font-weight:normal;margin-bottom:5px;\">ING. Alfonso Guerrero Guerrero<\/h2><\/div><div class=\"uvc-sub-heading ult-responsive\"  data-ultimate-target='.uvc-heading.ultimate-heading-660369e21eedec002 .uvc-sub-heading '  data-responsive-json-new='{\"font-size\":\"\",\"line-height\":\"desktop:28px;\"}'  style=\"font-weight:normal;margin-bottom:20px;\">\n<p style=\"text-align: center;\"><em>Presidente del GAD Alejo Lascano<\/em><\/p>\n<\/div><\/div>[\/vc_column_inner][vc_column_inner width=&#8221;1\/2&#8243;][vc_empty_space height=&#8221;42px&#8221;][vc_column_text]\n<div><\/div>\n<blockquote>\n<h4 style=\"text-align: justify;\">Querido pueblo, antes de todo quiero agradecer a Dios por permitir vivir un d\u00eda m\u00e1s junto a mis seres queridos, tambi\u00e9n quiero aprovechar para agradecerle a todos los habitantes de la Parroquia Alejo Lascano y sus comunidades por el apoyo brindado; de igual manera quiero agradecer a cada uno de mis compa\u00f1eros vocales electos, los cuales son parte del \u00d3rgano Legislativo del GADPR, al equipo t\u00e9cnicos consultores encargados de la actualizaci\u00f3n del Plan de Desarrollo y Ordenamiento Territorial (PDOT) 2023 &#8211; 2027, gracias a su participaci\u00f3n se logr\u00f3 realizar el diagn\u00f3stico de la Parroquia y as\u00ed realizar una correcta planificaci\u00f3n para el desarrollo y ejecuci\u00f3n del PDOT.<br \/>\nGracias a la coordinaci\u00f3n t\u00e9cnica, an\u00e1lisis y planificaci\u00f3n realizadas por el equipo consultor se logr\u00f3 cumplir con los objetivos planteados para la mejora de la Parroquia y sus comunidades, haciendo cumplir lo estipulados en el art. 14 de la constituci\u00f3n de la Rep\u00fablica del Ecuador donde establece que los ecuatorianos y ecuatorianas debemos vivir en un ambiente sano y equilibrado que garantice la sostenibilidad y el buen vivir, sumak kawsay, para todos sus habitantes, igualmente se declara de inter\u00e9s p\u00fablico la preservaci\u00f3n del ambiente, la conservaci\u00f3n de los ecosistemas y la biodiversidad.<br \/>\nDe parte del Gobierno Aut\u00f3nomo Descentralizados Parroquial de Alejo Lascano y los miembros del \u00d3rgano Legislativo de la Parroquia, agradecemos infinitamente a todos los habitantes de la Parroquia y sus comunidades, tambi\u00e9n recordarles que el GAD esta presto a recibir a los ciudadanos para establecer di\u00e1logos y as\u00ed llegar a un acuerdo favorable para todos.<\/h4>\n<\/blockquote>\n[\/vc_column_text][\/vc_column_inner][\/vc_row_inner][\/vc_column][\/vc_row]\n","protected":false},"excerpt":{"rendered":"<p>[vc_row bg_type=&#8221;bg_color&#8221; bg_color_value=&#8221;#f7f7f7&#8243; css=&#8221;.vc_custom_1581547090144{padding-top: 0px !important;padding-bottom: 0px !important;}&#8221;][vc_column css=&#8221;.vc_custom_1529671385255{background-position: center !important;background-repeat: no-repeat !important;background-size: cover !important;}&#8221;][vc_row_inner][vc_column_inner][\/vc_column_inner][\/vc_row_inner][vc_row_inner][vc_column_inner width=&#8221;1\/3&#8243;][vc_icon icon_fontawesome=&#8221;fa fa-folder-open&#8221; color=&#8221;green&#8221; size=&#8221;xl&#8221; align=&#8221;center&#8221;][\/vc_column_inner][vc_column_inner width=&#8221;1\/3&#8243;][vc_icon icon_fontawesome=&#8221;fa fa-file-pdf-o&#8221; color=&#8221;green&#8221; size=&#8221;xl&#8221; align=&#8221;center&#8221;][\/vc_column_inner][vc_column_inner width=&#8221;1\/3&#8243;][vc_icon icon_fontawesome=&#8221;fa fa-camera-retro&#8221; color=&#8221;green&#8221; size=&#8221;xl&#8221; align=&#8221;center&#8221;][\/vc_column_inner][\/vc_row_inner][vc_column_inner][\/vc_column_inner][\/vc_column][\/vc_row][vc_row full_width=&#8221;stretch_row_content_no_spaces&#8221; bg_type=&#8221;image&#8221; parallax_style=&#8221;vcpb-vz-jquery&#8221; bg_image_new=&#8221;id^4994|url^https:\/\/gadlascano.gob.ec\/wp-content\/uploads\/2025\/08\/image15.png|caption^null|alt^null|title^image15|description^null&#8221; bg_image_repeat=&#8221;no-repeat&#8221; enable_overlay=&#8221;enable_overlay_value&#8221; overlay_color=&#8221;rgba(0,0,0,0.29)&#8221; css=&#8221;.vc_custom_1755181894355{padding-top: 80px !important;padding-bottom: 80px !important;}&#8221;][vc_column][\/vc_column][\/vc_row][vc_row][vc_column][vc_row_inner][vc_column_inner][\/vc_column_inner][\/vc_row_inner][vc_row_inner][vc_column_inner width=&#8221;1\/3&#8243;][vc_gallery type=&#8221;image_grid&#8221; images=&#8221;4998,4999,5000,5001,5002,5003,5004,5005,5006,5007,5008,5009,5010,5011,5012,5013,5014,5015,5016,5017,5018,5019,5020,5021&#8243; img_size=&#8221;80&#215;80&#8243; title=&#8221;Fauna&#8221;][\/vc_column_inner][vc_column_inner width=&#8221;1\/3&#8243;][vc_gallery type=&#8221;image_grid&#8221; images=&#8221;5022,5023,5024,5025,5026,5027,5028,5029&#8243; img_size=&#8221;80&#215;80&#8243; title=&#8221;Turismo&#8221;][\/vc_column_inner][vc_column_inner [&hellip;]<\/p>\n","protected":false},"author":6,"featured_media":0,"parent":0,"menu_order":0,"comment_status":"closed","ping_status":"closed","template":"","meta":{"jetpack_post_was_ever_published":false,"footnotes":""},"class_list":["post-1830","page","type-page","status-publish","hentry","post"],"yoast_head":"<!-- This site is optimized with the Yoast SEO plugin v25.7 - https:\/\/yoast.com\/wordpress\/plugins\/seo\/ -->\n<title>GAD Parroquial | Alejo Lascano - GAD Parroquial de Alejo Lascano<\/title>\n<meta name=\"description\" content=\"GAD Parroquial de Alejo Lascano - Manabi\" \/>\n<meta name=\"robots\" content=\"index, follow, max-snippet:-1, max-image-preview:large, max-video-preview:-1\" \/>\n<link rel=\"canonical\" href=\"https:\/\/gadlascano.gob.ec\/\" \/>\n<meta property=\"og:locale\" content=\"es_ES\" \/>\n<meta property=\"og:type\" content=\"article\" \/>\n<meta property=\"og:title\" content=\"GAD Parroquial | Alejo Lascano - GAD Parroquial de Alejo Lascano\" \/>\n<meta property=\"og:description\" content=\"GAD Parroquial de Alejo Lascano - Manabi\" \/>\n<meta property=\"og:url\" content=\"https:\/\/gadlascano.gob.ec\/\" \/>\n<meta property=\"og:site_name\" content=\"GAD Parroquial de Alejo Lascano\" \/>\n<meta property=\"article:modified_time\" content=\"2025-08-15T11:47:06+00:00\" \/>\n<meta name=\"twitter:card\" content=\"summary_large_image\" \/>\n<meta name=\"twitter:label1\" content=\"Tiempo de lectura\" \/>\n\t<meta name=\"twitter:data1\" content=\"2 minutos\" \/>\n<script type=\"application\/ld+json\" class=\"yoast-schema-graph\">{\"@context\":\"https:\/\/schema.org\",\"@graph\":[{\"@type\":\"WebPage\",\"@id\":\"https:\/\/gadlascano.gob.ec\/\",\"url\":\"https:\/\/gadlascano.gob.ec\/\",\"name\":\"GAD Parroquial | Alejo Lascano - GAD Parroquial de Alejo Lascano\",\"isPartOf\":{\"@id\":\"https:\/\/gadlascano.gob.ec\/#website\"},\"datePublished\":\"2020-02-28T15:22:59+00:00\",\"dateModified\":\"2025-08-15T11:47:06+00:00\",\"description\":\"GAD Parroquial de Alejo Lascano - Manabi\",\"breadcrumb\":{\"@id\":\"https:\/\/gadlascano.gob.ec\/#breadcrumb\"},\"inLanguage\":\"es\",\"potentialAction\":[{\"@type\":\"ReadAction\",\"target\":[\"https:\/\/gadlascano.gob.ec\/\"]}]},{\"@type\":\"BreadcrumbList\",\"@id\":\"https:\/\/gadlascano.gob.ec\/#breadcrumb\",\"itemListElement\":[{\"@type\":\"ListItem\",\"position\":1,\"name\":\"Home\",\"item\":\"https:\/\/gadlascano.gob.ec\/\"},{\"@type\":\"ListItem\",\"position\":2,\"name\":\"GAD Parroquial | Alejo Lascano\"}]},{\"@type\":\"WebSite\",\"@id\":\"https:\/\/gadlascano.gob.ec\/#website\",\"url\":\"https:\/\/gadlascano.gob.ec\/\",\"name\":\"GAD Parroquial de Alejo Lascano\",\"description\":\"Sitio web oficial del GAD Parroquial Rural de Alejo Lascano en la provincia de Manab\u00ed.\",\"publisher\":{\"@id\":\"https:\/\/gadlascano.gob.ec\/#organization\"},\"potentialAction\":[{\"@type\":\"SearchAction\",\"target\":{\"@type\":\"EntryPoint\",\"urlTemplate\":\"https:\/\/gadlascano.gob.ec\/?s={search_term_string}\"},\"query-input\":{\"@type\":\"PropertyValueSpecification\",\"valueRequired\":true,\"valueName\":\"search_term_string\"}}],\"inLanguage\":\"es\"},{\"@type\":\"Organization\",\"@id\":\"https:\/\/gadlascano.gob.ec\/#organization\",\"name\":\"Alejo Lascano\",\"url\":\"https:\/\/gadlascano.gob.ec\/\",\"logo\":{\"@type\":\"ImageObject\",\"inLanguage\":\"es\",\"@id\":\"https:\/\/gadlascano.gob.ec\/#\/schema\/logo\/image\/\",\"url\":\"https:\/\/gadlascano.gob.ec\/wp-content\/uploads\/2025\/08\/cropped-cropped-image11.jpeg\",\"contentUrl\":\"https:\/\/gadlascano.gob.ec\/wp-content\/uploads\/2025\/08\/cropped-cropped-image11.jpeg\",\"width\":512,\"height\":512,\"caption\":\"Alejo Lascano\"},\"image\":{\"@id\":\"https:\/\/gadlascano.gob.ec\/#\/schema\/logo\/image\/\"}}]}<\/script>\n<!-- \/ Yoast SEO plugin. -->","yoast_head_json":{"title":"GAD Parroquial | Alejo Lascano - GAD Parroquial de Alejo Lascano","description":"GAD Parroquial de Alejo Lascano - Manabi","robots":{"index":"index","follow":"follow","max-snippet":"max-snippet:-1","max-image-preview":"max-image-preview:large","max-video-preview":"max-video-preview:-1"},"canonical":"https:\/\/gadlascano.gob.ec\/","og_locale":"es_ES","og_type":"article","og_title":"GAD Parroquial | Alejo Lascano - GAD Parroquial de Alejo Lascano","og_description":"GAD Parroquial de Alejo Lascano - Manabi","og_url":"https:\/\/gadlascano.gob.ec\/","og_site_name":"GAD Parroquial de Alejo Lascano","article_modified_time":"2025-08-15T11:47:06+00:00","twitter_card":"summary_large_image","twitter_misc":{"Tiempo de lectura":"2 minutos"},"schema":{"@context":"https:\/\/schema.org","@graph":[{"@type":"WebPage","@id":"https:\/\/gadlascano.gob.ec\/","url":"https:\/\/gadlascano.gob.ec\/","name":"GAD Parroquial | Alejo Lascano - GAD Parroquial de Alejo Lascano","isPartOf":{"@id":"https:\/\/gadlascano.gob.ec\/#website"},"datePublished":"2020-02-28T15:22:59+00:00","dateModified":"2025-08-15T11:47:06+00:00","description":"GAD Parroquial de Alejo Lascano - Manabi","breadcrumb":{"@id":"https:\/\/gadlascano.gob.ec\/#breadcrumb"},"inLanguage":"es","potentialAction":[{"@type":"ReadAction","target":["https:\/\/gadlascano.gob.ec\/"]}]},{"@type":"BreadcrumbList","@id":"https:\/\/gadlascano.gob.ec\/#breadcrumb","itemListElement":[{"@type":"ListItem","position":1,"name":"Home","item":"https:\/\/gadlascano.gob.ec\/"},{"@type":"ListItem","position":2,"name":"GAD Parroquial | Alejo Lascano"}]},{"@type":"WebSite","@id":"https:\/\/gadlascano.gob.ec\/#website","url":"https:\/\/gadlascano.gob.ec\/","name":"GAD Parroquial de Alejo Lascano","description":"Sitio web oficial del GAD Parroquial Rural de Alejo Lascano en la provincia de Manab\u00ed.","publisher":{"@id":"https:\/\/gadlascano.gob.ec\/#organization"},"potentialAction":[{"@type":"SearchAction","target":{"@type":"EntryPoint","urlTemplate":"https:\/\/gadlascano.gob.ec\/?s={search_term_string}"},"query-input":{"@type":"PropertyValueSpecification","valueRequired":true,"valueName":"search_term_string"}}],"inLanguage":"es"},{"@type":"Organization","@id":"https:\/\/gadlascano.gob.ec\/#organization","name":"Alejo Lascano","url":"https:\/\/gadlascano.gob.ec\/","logo":{"@type":"ImageObject","inLanguage":"es","@id":"https:\/\/gadlascano.gob.ec\/#\/schema\/logo\/image\/","url":"https:\/\/gadlascano.gob.ec\/wp-content\/uploads\/2025\/08\/cropped-cropped-image11.jpeg","contentUrl":"https:\/\/gadlascano.gob.ec\/wp-content\/uploads\/2025\/08\/cropped-cropped-image11.jpeg","width":512,"height":512,"caption":"Alejo Lascano"},"image":{"@id":"https:\/\/gadlascano.gob.ec\/#\/schema\/logo\/image\/"}}]}},"jetpack_shortlink":"https:\/\/wp.me\/Pcm8cc-tw","jetpack_sharing_enabled":true,"jetpack_likes_enabled":true,"_links":{"self":[{"href":"https:\/\/gadlascano.gob.ec\/index.php?rest_route=\/wp\/v2\/pages\/1830","targetHints":{"allow":["GET"]}}],"collection":[{"href":"https:\/\/gadlascano.gob.ec\/index.php?rest_route=\/wp\/v2\/pages"}],"about":[{"href":"https:\/\/gadlascano.gob.ec\/index.php?rest_route=\/wp\/v2\/types\/page"}],"author":[{"embeddable":true,"href":"https:\/\/gadlascano.gob.ec\/index.php?rest_route=\/wp\/v2\/users\/6"}],"replies":[{"embeddable":true,"href":"https:\/\/gadlascano.gob.ec\/index.php?rest_route=%2Fwp%2Fv2%2Fcomments&post=1830"}],"version-history":[{"count":62,"href":"https:\/\/gadlascano.gob.ec\/index.php?rest_route=\/wp\/v2\/pages\/1830\/revisions"}],"predecessor-version":[{"id":5116,"href":"https:\/\/gadlascano.gob.ec\/index.php?rest_route=\/wp\/v2\/pages\/1830\/revisions\/5116"}],"wp:attachment":[{"href":"https:\/\/gadlascano.gob.ec\/index.php?rest_route=%2Fwp%2Fv2%2Fmedia&parent=1830"}],"curies":[{"name":"wp","href":"https:\/\/api.w.org\/{rel}","templated":true}]}}